{"id":785,"date":"2023-06-20T20:03:44","date_gmt":"2023-06-20T20:03:44","guid":{"rendered":"https:\/\/energyair.pl\/?page_id=785"},"modified":"2025-01-14T08:15:19","modified_gmt":"2025-01-14T08:15:19","slug":"biale-certyfikaty","status":"publish","type":"page","link":"https:\/\/energyair.pl\/en\/biale-certyfikaty\/","title":{"rendered":"White Certificates"},"content":{"rendered":"\t\t<div data-elementor-type=\"wp-page\" data-elementor-id=\"785\" class=\"elementor elementor-785\" data-elementor-post-type=\"page\">\n\t\t\t\t<div class=\"elementor-element elementor-element-af217a1 e-flex e-con-boxed e-con e-parent\" data-id=\"af217a1\" data-element_type=\"container\" data-e-type=\"container\" data-settings=\"{&quot;background_background&quot;:&quot;classic&quot;}\">\n\t\t\t\t\t<div class=\"e-con-inner\">\n\t\t<div class=\"elementor-element elementor-element-3b56638 e-con-full e-flex e-con e-child\" data-id=\"3b56638\" data-element_type=\"container\" data-e-type=\"container\">\n\t\t\t\t<div class=\"elementor-element elementor-element-554f359 elementor-widget elementor-widget-heading\" data-id=\"554f359\" data-element_type=\"widget\" data-e-type=\"widget\" data-widget_type=\"heading.default\">\n\t\t\t\t<div class=\"elementor-widget-container\">\n\t\t\t\t\t<h5 class=\"elementor-heading-title elementor-size-default\">Us\u0142ugi<\/h5>\t\t\t\t<\/div>\n\t\t\t\t<\/div>\n\t\t\t\t<div class=\"elementor-element elementor-element-45b4d75 elementor-widget__width-initial elementor-widget elementor-widget-heading\" data-id=\"45b4d75\" data-element_type=\"widget\" data-e-type=\"widget\" data-widget_type=\"heading.default\">\n\t\t\t\t<div class=\"elementor-widget-container\">\n\t\t\t\t\t<h2 class=\"elementor-heading-title elementor-size-default\">Bia\u0142e Certyfikaty<\/h2>\t\t\t\t<\/div>\n\t\t\t\t<\/div>\n\t\t\t\t<div class=\"elementor-element elementor-element-9a30c71 elementor-widget__width-initial elementor-widget elementor-widget-text-editor\" data-id=\"9a30c71\" data-element_type=\"widget\" data-e-type=\"widget\" data-widget_type=\"text-editor.default\">\n\t\t\t\t<div class=\"elementor-widget-container\">\n\t\t\t\t\t\t\t\t\tBia\u0142e Certyfikaty to system \u015bwiadectw efektywno\u015bci energetycznej, oparty na Ustawie o efektywno\u015bci energetycznej z dnia 20 maja 2016 r. Mechanizm ten pozwala na otrzymanie dodatkowych \u015brodk\u00f3w pieni\u0119\u017cnych za wykonanie modernizacji s\u0142u\u017c\u0105cych poprawie efektywno\u015bci energetycznej, skutkuj\u0105cych oszcz\u0119dno\u015bci\u0105 energii.\t\t\t\t\t\t\t\t<\/div>\n\t\t\t\t<\/div>\n\t\t\t\t<\/div>\n\t\t\t\t<div class=\"elementor-element elementor-element-2567ceb elementor-widget elementor-widget-image\" data-id=\"2567ceb\" data-element_type=\"widget\" data-e-type=\"widget\" data-widget_type=\"image.default\">\n\t\t\t\t<div class=\"elementor-widget-container\">\n\t\t\t\t\t\t\t\t\t\t\t\t\t\t\t<img fetchpriority=\"high\" decoding=\"async\" width=\"2560\" height=\"1904\" src=\"https:\/\/energyair.pl\/wp-content\/uploads\/2023\/05\/sigmund-yZmHFF-g-W0-unsplash-scaled.jpg\" class=\"attachment-full size-full wp-image-426\" alt=\"\" srcset=\"https:\/\/energyair.pl\/wp-content\/uploads\/2023\/05\/sigmund-yZmHFF-g-W0-unsplash-scaled.jpg 2560w, https:\/\/energyair.pl\/wp-content\/uploads\/2023\/05\/sigmund-yZmHFF-g-W0-unsplash-300x223.jpg 300w, https:\/\/energyair.pl\/wp-content\/uploads\/2023\/05\/sigmund-yZmHFF-g-W0-unsplash-1024x762.jpg 1024w, https:\/\/energyair.pl\/wp-content\/uploads\/2023\/05\/sigmund-yZmHFF-g-W0-unsplash-768x571.jpg 768w, https:\/\/energyair.pl\/wp-content\/uploads\/2023\/05\/sigmund-yZmHFF-g-W0-unsplash-1536x1142.jpg 1536w, https:\/\/energyair.pl\/wp-content\/uploads\/2023\/05\/sigmund-yZmHFF-g-W0-unsplash-2048x1523.jpg 2048w, https:\/\/energyair.pl\/wp-content\/uploads\/2023\/05\/sigmund-yZmHFF-g-W0-unsplash-650x483.jpg 650w\" sizes=\"(max-width: 2560px) 100vw, 2560px\" \/>\t\t\t\t\t\t\t\t\t\t\t\t\t\t\t<\/div>\n\t\t\t\t<\/div>\n\t\t\t\t\t<\/div>\n\t\t\t\t<\/div>\n\t\t<div class=\"elementor-element elementor-element-43e0311 e-flex e-con-boxed e-con e-parent\" data-id=\"43e0311\" data-element_type=\"container\" data-e-type=\"container\">\n\t\t\t\t\t<div class=\"e-con-inner\">\n\t\t<div class=\"elementor-element elementor-element-3d3bac6 e-con-full e-flex e-con e-child\" data-id=\"3d3bac6\" data-element_type=\"container\" data-e-type=\"container\">\n\t\t\t\t<div class=\"elementor-element elementor-element-50c038b elementor-widget elementor-widget-heading\" data-id=\"50c038b\" data-element_type=\"widget\" data-e-type=\"widget\" data-widget_type=\"heading.default\">\n\t\t\t\t<div class=\"elementor-widget-container\">\n\t\t\t\t\t<h2 class=\"elementor-heading-title elementor-size-default\">Co mo\u017cemy zaproponowa\u0107?<\/h2>\t\t\t\t<\/div>\n\t\t\t\t<\/div>\n\t\t\t\t<div class=\"elementor-element elementor-element-388c53e elementor-widget__width-initial elementor-widget-mobile__width-inherit elementor-widget elementor-widget-text-editor\" data-id=\"388c53e\" data-element_type=\"widget\" data-e-type=\"widget\" data-widget_type=\"text-editor.default\">\n\t\t\t\t<div class=\"elementor-widget-container\">\n\t\t\t\t\t\t\t\t\tBia\u0142e certyfikaty stanowi\u0105 potwierdzenie ilo\u015bci zaoszcz\u0119dzonej energii finalnej wynikaj\u0105cej ze zrealizowania przedsi\u0119wzi\u0119cia lub przedsi\u0119wzi\u0119\u0107 tego samego rodzaju s\u0142u\u017c\u0105cych poprawie efektywno\u015bci energetycznej.\n\t\t\t\t\t\t\t\t<\/div>\n\t\t\t\t<\/div>\n\t\t<div class=\"elementor-element elementor-element-2773d43 e-con-full e-flex e-con e-child\" data-id=\"2773d43\" data-element_type=\"container\" data-e-type=\"container\">\n\t\t<div class=\"elementor-element elementor-element-8cd653b e-con-full e-flex e-con e-child\" data-id=\"8cd653b\" data-element_type=\"container\" data-e-type=\"container\" data-settings=\"{&quot;background_background&quot;:&quot;classic&quot;}\">\n\t\t\t\t<div class=\"elementor-element elementor-element-71d77c8 elementor-widget elementor-widget-heading\" data-id=\"71d77c8\" data-element_type=\"widget\" data-e-type=\"widget\" data-widget_type=\"heading.default\">\n\t\t\t\t<div class=\"elementor-widget-container\">\n\t\t\t\t\t<h3 class=\"elementor-heading-title elementor-size-default\">Korzy\u015bci:<\/h3>\t\t\t\t<\/div>\n\t\t\t\t<\/div>\n\t\t\t\t<div class=\"elementor-element elementor-element-fe3ba98 elementor-icon-list--layout-traditional elementor-list-item-link-full_width elementor-widget elementor-widget-icon-list\" data-id=\"fe3ba98\" data-element_type=\"widget\" data-e-type=\"widget\" data-widget_type=\"icon-list.default\">\n\t\t\t\t<div class=\"elementor-widget-container\">\n\t\t\t\t\t\t\t<ul class=\"elementor-icon-list-items\">\n\t\t\t\t\t\t\t<li class=\"elementor-icon-list-item\">\n\t\t\t\t\t\t\t\t\t\t\t<span class=\"elementor-icon-list-icon\">\n\t\t\t\t\t\t\t<i aria-hidden=\"true\" class=\"fas fa-check-circle\"><\/i>\t\t\t\t\t\t<\/span>\n\t\t\t\t\t\t\t\t\t\t<span class=\"elementor-icon-list-text\">Dodatkowe \u015brodki finansowe za modernizacje poprawiaj\u0105ce efektywno\u015b\u0107 energetyczn\u0105.<\/span>\n\t\t\t\t\t\t\t\t\t<\/li>\n\t\t\t\t\t\t\t\t<li class=\"elementor-icon-list-item\">\n\t\t\t\t\t\t\t\t\t\t\t<span class=\"elementor-icon-list-icon\">\n\t\t\t\t\t\t\t<i aria-hidden=\"true\" class=\"fas fa-check-circle\"><\/i>\t\t\t\t\t\t<\/span>\n\t\t\t\t\t\t\t\t\t\t<span class=\"elementor-icon-list-text\">Potwierdzenie ilo\u015bci zaoszcz\u0119dzonej energii, co mo\u017ce przyczyni\u0107 si\u0119 do poprawy reputacji firmy.<\/span>\n\t\t\t\t\t\t\t\t\t<\/li>\n\t\t\t\t\t\t\t\t<li class=\"elementor-icon-list-item\">\n\t\t\t\t\t\t\t\t\t\t\t<span class=\"elementor-icon-list-icon\">\n\t\t\t\t\t\t\t<i aria-hidden=\"true\" class=\"fas fa-check-circle\"><\/i>\t\t\t\t\t\t<\/span>\n\t\t\t\t\t\t\t\t\t\t<span class=\"elementor-icon-list-text\">Mo\u017cliwo\u015b\u0107 sfinansowania do 25% koszt\u00f3w modernizacji dzi\u0119ki bia\u0142ym certyfikatom.<\/span>\n\t\t\t\t\t\t\t\t\t<\/li>\n\t\t\t\t\t\t\t\t<li class=\"elementor-icon-list-item\">\n\t\t\t\t\t\t\t\t\t\t\t<span class=\"elementor-icon-list-icon\">\n\t\t\t\t\t\t\t<i aria-hidden=\"true\" class=\"fas fa-check-circle\"><\/i>\t\t\t\t\t\t<\/span>\n\t\t\t\t\t\t\t\t\t\t<span class=\"elementor-icon-list-text\">Mo\u017cliwo\u015b\u0107 cesji bia\u0142ych certyfikat\u00f3w, co mo\u017ce zmniejszy\u0107 pierwotne nak\u0142ady kapita\u0142owe na modernizacj\u0119.<\/span>\n\t\t\t\t\t\t\t\t\t<\/li>\n\t\t\t\t\t\t<\/ul>\n\t\t\t\t\t\t<\/div>\n\t\t\t\t<\/div>\n\t\t\t\t<\/div>\n\t\t<div class=\"elementor-element elementor-element-d788516 e-con-full e-flex e-con e-child\" data-id=\"d788516\" data-element_type=\"container\" data-e-type=\"container\" data-settings=\"{&quot;background_background&quot;:&quot;classic&quot;}\">\n\t\t\t\t<div class=\"elementor-element elementor-element-1028f6c elementor-widget elementor-widget-heading\" data-id=\"1028f6c\" data-element_type=\"widget\" data-e-type=\"widget\" data-widget_type=\"heading.default\">\n\t\t\t\t<div class=\"elementor-widget-container\">\n\t\t\t\t\t<h3 class=\"elementor-heading-title elementor-size-default\">Wdro\u017cenie:<\/h3>\t\t\t\t<\/div>\n\t\t\t\t<\/div>\n\t\t\t\t<div class=\"elementor-element elementor-element-2a34fd5 elementor-icon-list--layout-traditional elementor-list-item-link-full_width elementor-widget elementor-widget-icon-list\" data-id=\"2a34fd5\" data-element_type=\"widget\" data-e-type=\"widget\" data-widget_type=\"icon-list.default\">\n\t\t\t\t<div class=\"elementor-widget-container\">\n\t\t\t\t\t\t\t<ul class=\"elementor-icon-list-items\">\n\t\t\t\t\t\t\t<li class=\"elementor-icon-list-item\">\n\t\t\t\t\t\t\t\t\t\t\t<span class=\"elementor-icon-list-icon\">\n\t\t\t\t\t\t\t<i aria-hidden=\"true\" class=\"fas fa-chevron-right\"><\/i>\t\t\t\t\t\t<\/span>\n\t\t\t\t\t\t\t\t\t\t<span class=\"elementor-icon-list-text\">Wyliczamy, w oparciu o w\u0142asny lub zewn\u0119trzny projekt modernizacji, ilo\u015b\u0107 TOE (ton oleju ekwiwalentnego) dla danej inwestycji.<\/span>\n\t\t\t\t\t\t\t\t\t<\/li>\n\t\t\t\t\t\t\t\t<li class=\"elementor-icon-list-item\">\n\t\t\t\t\t\t\t\t\t\t\t<span class=\"elementor-icon-list-icon\">\n\t\t\t\t\t\t\t<i aria-hidden=\"true\" class=\"fas fa-chevron-right\"><\/i>\t\t\t\t\t\t<\/span>\n\t\t\t\t\t\t\t\t\t\t<span class=\"elementor-icon-list-text\">Pomagamy lub w imieniu Inwestora przygotowujemy wniosek do URE (Urz\u0105d Regulacji Energetyki) o bia\u0142e certyfikaty.<\/span>\n\t\t\t\t\t\t\t\t\t<\/li>\n\t\t\t\t\t\t\t\t<li class=\"elementor-icon-list-item\">\n\t\t\t\t\t\t\t\t\t\t\t<span class=\"elementor-icon-list-icon\">\n\t\t\t\t\t\t\t<i aria-hidden=\"true\" class=\"fas fa-chevron-right\"><\/i>\t\t\t\t\t\t<\/span>\n\t\t\t\t\t\t\t\t\t\t<span class=\"elementor-icon-list-text\">Prowadzimy modernizacj\u0119 lub nadzorujemy jej wykonanie zgodnie z za\u0142o\u017ceniami wniosku.<\/span>\n\t\t\t\t\t\t\t\t\t<\/li>\n\t\t\t\t\t\t\t\t<li class=\"elementor-icon-list-item\">\n\t\t\t\t\t\t\t\t\t\t\t<span class=\"elementor-icon-list-icon\">\n\t\t\t\t\t\t\t<i aria-hidden=\"true\" class=\"fas fa-chevron-right\"><\/i>\t\t\t\t\t\t<\/span>\n\t\t\t\t\t\t\t\t\t\t<span class=\"elementor-icon-list-text\">Przeprowadzamy ko\u0144cowy audyt.<\/span>\n\t\t\t\t\t\t\t\t\t<\/li>\n\t\t\t\t\t\t<\/ul>\n\t\t\t\t\t\t<\/div>\n\t\t\t\t<\/div>\n\t\t\t\t<\/div>\n\t\t\t\t<\/div>\n\t\t\t\t<\/div>\n\t\t\t\t\t<\/div>\n\t\t\t\t<\/div>\n\t\t\t\t<section class=\"elementor-section elementor-top-section elementor-element elementor-element-73c48c81 elementor-section-boxed elementor-section-height-default elementor-section-height-default\" data-id=\"73c48c81\" data-element_type=\"section\" data-e-type=\"section\">\n\t\t\t\t\t\t<div class=\"elementor-container elementor-column-gap-default\">\n\t\t\t\t\t<div class=\"elementor-column elementor-col-50 elementor-top-column elementor-element elementor-element-31a66885\" data-id=\"31a66885\" data-element_type=\"column\" data-e-type=\"column\">\n\t\t\t<div class=\"elementor-widget-wrap elementor-element-populated\">\n\t\t\t\t\t\t<div class=\"elementor-element elementor-element-236106df elementor-widget elementor-widget-heading\" data-id=\"236106df\" data-element_type=\"widget\" data-e-type=\"widget\" data-widget_type=\"heading.default\">\n\t\t\t\t<div class=\"elementor-widget-container\">\n\t\t\t\t\t<h2 class=\"elementor-heading-title elementor-size-default\">Co powiniene\u015b wiedzie\u0107?<\/h2>\t\t\t\t<\/div>\n\t\t\t\t<\/div>\n\t\t\t\t<div class=\"elementor-element elementor-element-8bb9bdb elementor-widget__width-inherit elementor-widget-mobile__width-inherit elementor-widget elementor-widget-text-editor\" data-id=\"8bb9bdb\" data-element_type=\"widget\" data-e-type=\"widget\" data-widget_type=\"text-editor.default\">\n\t\t\t\t<div class=\"elementor-widget-container\">\n\t\t\t\t\t\t\t\t\tBardzo wa\u017cnym elementem planowanych przez nas modernizacji jest zachowanie ci\u0105g\u0142o\u015bci przychodu w\u0142a\u015bciciela &#8211; wi\u0119kszo\u015b\u0107 lub ca\u0142o\u015b\u0107 prac mo\u017cna przeprowadzi\u0107 ma\u0142o inwazyjnie, w nocy lub weekendy, nie przerywaj\u0105c okresu najmu i nie stwarzaj\u0105c wi\u0119kszych uci\u0105\u017cliwo\u015bci dla najemcy. Potrzebne jest do tego jednak my\u015blenie nieszablonowe, du\u017ce do\u015bwiadczenie i zastosowanie nowych technologii.\t\t\t\t\t\t\t\t<\/div>\n\t\t\t\t<\/div>\n\t\t\t\t\t<\/div>\n\t\t<\/div>\n\t\t\t\t<div class=\"elementor-column elementor-col-50 elementor-top-column elementor-element elementor-element-c1a8f58\" data-id=\"c1a8f58\" data-element_type=\"column\" data-e-type=\"column\">\n\t\t\t<div class=\"elementor-widget-wrap elementor-element-populated\">\n\t\t\t\t\t\t<div class=\"elementor-element elementor-element-4c5ffce6 elementor-widget elementor-widget-image\" data-id=\"4c5ffce6\" data-element_type=\"widget\" data-e-type=\"widget\" data-widget_type=\"image.default\">\n\t\t\t\t<div class=\"elementor-widget-container\">\n\t\t\t\t\t\t\t\t\t\t\t\t\t\t\t<img decoding=\"async\" width=\"720\" height=\"720\" src=\"https:\/\/energyair.pl\/wp-content\/uploads\/2024\/12\/Graf_08.webp\" class=\"attachment-full size-full wp-image-3051\" alt=\"\" srcset=\"https:\/\/energyair.pl\/wp-content\/uploads\/2024\/12\/Graf_08.webp 720w, https:\/\/energyair.pl\/wp-content\/uploads\/2024\/12\/Graf_08-300x300.webp 300w, https:\/\/energyair.pl\/wp-content\/uploads\/2024\/12\/Graf_08-150x150.webp 150w, https:\/\/energyair.pl\/wp-content\/uploads\/2024\/12\/Graf_08-12x12.webp 12w, https:\/\/energyair.pl\/wp-content\/uploads\/2024\/12\/Graf_08-650x650.webp 650w\" sizes=\"(max-width: 720px) 100vw, 720px\" \/>\t\t\t\t\t\t\t\t\t\t\t\t\t\t\t<\/div>\n\t\t\t\t<\/div>\n\t\t\t\t\t<\/div>\n\t\t<\/div>\n\t\t\t\t\t<\/div>\n\t\t<\/section>\n\t\t<div class=\"elementor-element elementor-element-4e732cf e-flex e-con-boxed e-con e-parent\" data-id=\"4e732cf\" data-element_type=\"container\" data-e-type=\"container\">\n\t\t\t\t\t<div class=\"e-con-inner\">\n\t\t<div class=\"elementor-element elementor-element-bc4ba2c e-con-full e-flex e-con e-child\" data-id=\"bc4ba2c\" data-element_type=\"container\" data-e-type=\"container\" data-settings=\"{&quot;background_background&quot;:&quot;classic&quot;}\">\n\t\t<div class=\"elementor-element elementor-element-5938528 e-con-full e-flex e-con e-child\" data-id=\"5938528\" data-element_type=\"container\" data-e-type=\"container\">\n\t\t\t\t<div class=\"elementor-element elementor-element-22f37d4 ui-e-a-animate elementor-widget elementor-widget-highlighted-text\" data-id=\"22f37d4\" data-element_type=\"widget\" data-e-type=\"widget\" data-widget_type=\"highlighted-text.default\">\n\t\t\t\t<div class=\"elementor-widget-container\">\n\t\t\t\t\t\t\t<h2 class=\"ui-e--highlighted-text\" >\r\n        <span class=\"ui-e-headline-text\">Rozpocznij od kontaktu z nami<\/span>        <\/h2>\r\n        \t\t\t\t<\/div>\n\t\t\t\t<\/div>\n\t\t\t\t<div class=\"elementor-element elementor-element-5dc2965 ui-e-a-animate elementor-widget elementor-widget-highlighted-text\" data-id=\"5dc2965\" data-element_type=\"widget\" data-e-type=\"widget\" data-widget_type=\"highlighted-text.default\">\n\t\t\t\t<div class=\"elementor-widget-container\">\n\t\t\t\t\t\t\t<p class=\"ui-e--highlighted-text\" >\r\n        <span class=\"ui-e-headline-text\">Rozpocznij od kontaktu z nami<\/span>        <\/p>\r\n        \t\t\t\t<\/div>\n\t\t\t\t<\/div>\n\t\t\t\t<\/div>\n\t\t\t\t<div class=\"elementor-element elementor-element-0c65f21 elementor-align-center elementor-widget__width-initial elementor-invisible elementor-widget elementor-widget-button\" data-id=\"0c65f21\" data-element_type=\"widget\" data-e-type=\"widget\" data-settings=\"{&quot;_animation&quot;:&quot;fadeInDown&quot;,&quot;_animation_delay&quot;:300}\" data-widget_type=\"button.default\">\n\t\t\t\t<div class=\"elementor-widget-container\">\n\t\t\t\t\t\t\t\t\t<div class=\"elementor-button-wrapper\">\n\t\t\t\t\t<a class=\"elementor-button elementor-button-link elementor-size-sm\" href=\"https:\/\/energyair.pl\/kontakt\/\">\n\t\t\t\t\t\t<span class=\"elementor-button-content-wrapper\">\n\t\t\t\t\t\t\t\t\t<span class=\"elementor-button-text\">Skontaktuj si\u0119 z nami<\/span>\n\t\t\t\t\t<\/span>\n\t\t\t\t\t<\/a>\n\t\t\t\t<\/div>\n\t\t\t\t\t\t\t\t<\/div>\n\t\t\t\t<\/div>\n\t\t\t\t<\/div>\n\t\t\t\t\t<\/div>\n\t\t\t\t<\/div>\n\t\t<div class=\"elementor-element elementor-element-6424db8 e-flex e-con-boxed e-con e-parent\" data-id=\"6424db8\" data-element_type=\"container\" data-e-type=\"container\" data-settings=\"{&quot;background_background&quot;:&quot;classic&quot;}\">\n\t\t\t\t\t<div class=\"e-con-inner\">\n\t\t<div class=\"elementor-element elementor-element-0781d67 e-con-full e-flex e-con e-child\" data-id=\"0781d67\" data-element_type=\"container\" data-e-type=\"container\">\n\t\t\t\t<div class=\"elementor-element elementor-element-3a2bc7c elementor-widget elementor-widget-heading\" data-id=\"3a2bc7c\" data-element_type=\"widget\" data-e-type=\"widget\" data-widget_type=\"heading.default\">\n\t\t\t\t<div class=\"elementor-widget-container\">\n\t\t\t\t\t<h2 class=\"elementor-heading-title elementor-size-default\">Przyk\u0142adowe realizacje<\/h2>\t\t\t\t<\/div>\n\t\t\t\t<\/div>\n\t\t\t\t<div class=\"elementor-element elementor-element-1f3f32e elementor-grid-tablet-2 elementor-grid-3 elementor-grid-mobile-1 elementor-widget elementor-widget-loop-grid\" data-id=\"1f3f32e\" data-element_type=\"widget\" data-e-type=\"widget\" data-settings=\"{&quot;template_id&quot;:436,&quot;columns_tablet&quot;:2,&quot;_skin&quot;:&quot;post&quot;,&quot;columns&quot;:&quot;3&quot;,&quot;columns_mobile&quot;:&quot;1&quot;,&quot;edit_handle_selector&quot;:&quot;[data-elementor-type=\\&quot;loop-item\\&quot;]&quot;,&quot;row_gap&quot;:{&quot;unit&quot;:&quot;px&quot;,&quot;size&quot;:&quot;&quot;,&quot;sizes&quot;:[]},&quot;row_gap_tablet&quot;:{&quot;unit&quot;:&quot;px&quot;,&quot;size&quot;:&quot;&quot;,&quot;sizes&quot;:[]},&quot;row_gap_mobile&quot;:{&quot;unit&quot;:&quot;px&quot;,&quot;size&quot;:&quot;&quot;,&quot;sizes&quot;:[]}}\" data-widget_type=\"loop-grid.post\">\n\t\t\t\t<div class=\"elementor-widget-container\">\n\t\t\t\t\t\t\t<div class=\"elementor-loop-container elementor-grid\" role=\"list\">\n\t\t<style id=\"loop-436\">.elementor-436 .elementor-element.elementor-element-9d29259{--display:flex;--min-height:400px;--justify-content:space-between;--gap:0px 0px;--row-gap:0px;--column-gap:0px;}.elementor-436 .elementor-element.elementor-element-9e2e6cd img{height:195px;object-fit:cover;object-position:center center;border-radius:10px 10px 10px 10px;}.elementor-436 .elementor-element.elementor-element-f96c382 .elementor-heading-title{font-size:22px;}.elementor-436 .elementor-element.elementor-element-f96c382 > .elementor-widget-container{padding:20px 0px 0px 0px;}.elementor-436 .elementor-element.elementor-element-506911d .elementor-heading-title{font-size:18px;font-weight:400;color:#9E9E9E;}.elementor-436 .elementor-element.elementor-element-506911d > .elementor-widget-container{padding:0px 0px 20px 0px;}<\/style>\t\t<div data-elementor-type=\"loop-item\" data-elementor-id=\"436\" class=\"elementor elementor-436 e-loop-item e-loop-item-2990 post-2990 realizacja type-realizacja status-publish hentry rozwiazania-biuro\" data-elementor-post-type=\"elementor_library\" data-custom-edit-handle=\"1\">\n\t\t\t<div class=\"elementor-element elementor-element-9d29259 e-flex e-con-boxed e-con e-parent\" data-id=\"9d29259\" data-element_type=\"container\" data-e-type=\"container\">\n\t\t\t\t\t<div class=\"e-con-inner\">\n\t\t\t\t<div class=\"elementor-element elementor-element-9e2e6cd elementor-widget elementor-widget-image\" data-id=\"9e2e6cd\" data-element_type=\"widget\" data-e-type=\"widget\" data-widget_type=\"image.default\">\n\t\t\t\t<div class=\"elementor-widget-container\">\n\t\t\t\t\t\t\t\t\t\t\t\t\t\t\t<img decoding=\"async\" width=\"1000\" height=\"1000\" src=\"https:\/\/energyair.pl\/wp-content\/uploads\/2023\/06\/redukcja-1.svg\" class=\"attachment-large size-large wp-image-643\" alt=\"\" srcset=\"https:\/\/energyair.pl\/wp-content\/uploads\/\/2023\/06\/redukcja-1.svg 150w, https:\/\/energyair.pl\/wp-content\/uploads\/\/2023\/06\/redukcja-1.svg 300w, https:\/\/energyair.pl\/wp-content\/uploads\/\/2023\/06\/redukcja-1.svg 1024w\" sizes=\"(max-width: 1000px) 100vw, 1000px\" \/>\t\t\t\t\t\t\t\t\t\t\t\t\t\t\t<\/div>\n\t\t\t\t<\/div>\n\t\t\t\t<div class=\"elementor-element elementor-element-f96c382 elementor-widget elementor-widget-heading\" data-id=\"f96c382\" data-element_type=\"widget\" data-e-type=\"widget\" data-widget_type=\"heading.default\">\n\t\t\t\t<div class=\"elementor-widget-container\">\n\t\t\t\t\t<h2 class=\"elementor-heading-title elementor-size-default\">PGE Narodowy<\/h2>\t\t\t\t<\/div>\n\t\t\t\t<\/div>\n\t\t\t\t<div class=\"elementor-element elementor-element-506911d elementor-widget elementor-widget-heading\" data-id=\"506911d\" data-element_type=\"widget\" data-e-type=\"widget\" data-widget_type=\"heading.default\">\n\t\t\t\t<div class=\"elementor-widget-container\">\n\t\t\t\t\t<h2 class=\"elementor-heading-title elementor-size-default\">Warszawa - Praga Po\u0142udnie<\/h2>\t\t\t\t<\/div>\n\t\t\t\t<\/div>\n\t\t\t\t<div class=\"elementor-element elementor-element-b6245fe elementor-align-center elementor-widget elementor-widget-button\" data-id=\"b6245fe\" data-element_type=\"widget\" data-e-type=\"widget\" data-widget_type=\"button.default\">\n\t\t\t\t<div class=\"elementor-widget-container\">\n\t\t\t\t\t\t\t\t\t<div class=\"elementor-button-wrapper\">\n\t\t\t\t\t<a class=\"elementor-button elementor-button-link elementor-size-sm\" href=\"https:\/\/energyair.pl\/en\/realizacja\/pge-narodowy\/\">\n\t\t\t\t\t\t<span class=\"elementor-button-content-wrapper\">\n\t\t\t\t\t\t\t\t\t<span class=\"elementor-button-text\">Sprawd\u017a realizacj\u0119<\/span>\n\t\t\t\t\t<\/span>\n\t\t\t\t\t<\/a>\n\t\t\t\t<\/div>\n\t\t\t\t\t\t\t\t<\/div>\n\t\t\t\t<\/div>\n\t\t\t\t\t<\/div>\n\t\t\t\t<\/div>\n\t\t\t\t<\/div>\n\t\t\t\t<div data-elementor-type=\"loop-item\" data-elementor-id=\"436\" class=\"elementor elementor-436 e-loop-item e-loop-item-2668 post-2668 realizacja type-realizacja status-publish hentry rozwiazania-biura rozwiazania-biuro usluga-audyty-techniczne usluga-ocena-potencjalu-modernizacji-hvac\" data-elementor-post-type=\"elementor_library\" data-custom-edit-handle=\"1\">\n\t\t\t<div class=\"elementor-element elementor-element-9d29259 e-flex e-con-boxed e-con e-parent\" data-id=\"9d29259\" data-element_type=\"container\" data-e-type=\"container\">\n\t\t\t\t\t<div class=\"e-con-inner\">\n\t\t\t\t<div class=\"elementor-element elementor-element-9e2e6cd elementor-widget elementor-widget-image\" data-id=\"9e2e6cd\" data-element_type=\"widget\" data-e-type=\"widget\" data-widget_type=\"image.default\">\n\t\t\t\t<div class=\"elementor-widget-container\">\n\t\t\t\t\t\t\t\t\t\t\t\t\t\t\t<img loading=\"lazy\" decoding=\"async\" width=\"988\" height=\"724\" src=\"https:\/\/energyair.pl\/wp-content\/uploads\/2024\/08\/CENT-I.png\" class=\"attachment-large size-large wp-image-2671\" alt=\"\" srcset=\"https:\/\/energyair.pl\/wp-content\/uploads\/2024\/08\/CENT-I.png 988w, https:\/\/energyair.pl\/wp-content\/uploads\/2024\/08\/CENT-I-300x220.png 300w, https:\/\/energyair.pl\/wp-content\/uploads\/2024\/08\/CENT-I-768x563.png 768w, https:\/\/energyair.pl\/wp-content\/uploads\/2024\/08\/CENT-I-16x12.png 16w, https:\/\/energyair.pl\/wp-content\/uploads\/2024\/08\/CENT-I-650x476.png 650w\" sizes=\"(max-width: 988px) 100vw, 988px\" \/>\t\t\t\t\t\t\t\t\t\t\t\t\t\t\t<\/div>\n\t\t\t\t<\/div>\n\t\t\t\t<div class=\"elementor-element elementor-element-f96c382 elementor-widget elementor-widget-heading\" data-id=\"f96c382\" data-element_type=\"widget\" data-e-type=\"widget\" data-widget_type=\"heading.default\">\n\t\t\t\t<div class=\"elementor-widget-container\">\n\t\t\t\t\t<h2 class=\"elementor-heading-title elementor-size-default\">Centrum Nowych Technologii UW<\/h2>\t\t\t\t<\/div>\n\t\t\t\t<\/div>\n\t\t\t\t<div class=\"elementor-element elementor-element-506911d elementor-widget elementor-widget-heading\" data-id=\"506911d\" data-element_type=\"widget\" data-e-type=\"widget\" data-widget_type=\"heading.default\">\n\t\t\t\t<div class=\"elementor-widget-container\">\n\t\t\t\t\t<h2 class=\"elementor-heading-title elementor-size-default\">Warszawa - Stara Ochota <\/h2>\t\t\t\t<\/div>\n\t\t\t\t<\/div>\n\t\t\t\t<div class=\"elementor-element elementor-element-b6245fe elementor-align-center elementor-widget elementor-widget-button\" data-id=\"b6245fe\" data-element_type=\"widget\" data-e-type=\"widget\" data-widget_type=\"button.default\">\n\t\t\t\t<div class=\"elementor-widget-container\">\n\t\t\t\t\t\t\t\t\t<div class=\"elementor-button-wrapper\">\n\t\t\t\t\t<a class=\"elementor-button elementor-button-link elementor-size-sm\" href=\"https:\/\/energyair.pl\/en\/realizacja\/centrum-nowych-technologii-uw\/\">\n\t\t\t\t\t\t<span class=\"elementor-button-content-wrapper\">\n\t\t\t\t\t\t\t\t\t<span class=\"elementor-button-text\">Sprawd\u017a realizacj\u0119<\/span>\n\t\t\t\t\t<\/span>\n\t\t\t\t\t<\/a>\n\t\t\t\t<\/div>\n\t\t\t\t\t\t\t\t<\/div>\n\t\t\t\t<\/div>\n\t\t\t\t\t<\/div>\n\t\t\t\t<\/div>\n\t\t\t\t<\/div>\n\t\t\t\t<\/div>\n\t\t\n\t\t\t\t\t\t<\/div>\n\t\t\t\t<\/div>\n\t\t\t\t<\/div>\n\t\t\t\t\t<\/div>\n\t\t\t\t<\/div>\n\t\t\t\t<\/div>\n\t\t","protected":false},"excerpt":{"rendered":"<p>Us\u0142ugi Bia\u0142e Certyfikaty to system \u015bwiadectw efektywno\u015bci energetycznej, oparty na Ustawie o efektywno\u015bci energetycznej z dnia 20 maja 2016 r. Mechanizm ten [&hellip;]<\/p>\n","protected":false},"author":2,"featured_media":0,"parent":0,"menu_order":0,"comment_status":"closed","ping_status":"closed","template":"elementor_header_footer","meta":{"_seopress_robots_primary_cat":"","_seopress_titles_title":"","_seopress_titles_desc":"","_seopress_robots_index":"","footnotes":""},"class_list":["post-785","page","type-page","status-publish","hentry"],"acf":[],"_links":{"self":[{"href":"https:\/\/energyair.pl\/en\/wp-json\/wp\/v2\/pages\/785","targetHints":{"allow":["GET"]}}],"collection":[{"href":"https:\/\/energyair.pl\/en\/wp-json\/wp\/v2\/pages"}],"about":[{"href":"https:\/\/energyair.pl\/en\/wp-json\/wp\/v2\/types\/page"}],"author":[{"embeddable":true,"href":"https:\/\/energyair.pl\/en\/wp-json\/wp\/v2\/users\/2"}],"replies":[{"embeddable":true,"href":"https:\/\/energyair.pl\/en\/wp-json\/wp\/v2\/comments?post=785"}],"version-history":[{"count":0,"href":"https:\/\/energyair.pl\/en\/wp-json\/wp\/v2\/pages\/785\/revisions"}],"wp:attachment":[{"href":"https:\/\/energyair.pl\/en\/wp-json\/wp\/v2\/media?parent=785"}],"curies":[{"name":"wp","href":"https:\/\/api.w.org\/{rel}","templated":true}]}}